{"id":355,"date":"2024-08-28T11:32:40","date_gmt":"2024-08-28T09:32:40","guid":{"rendered":"https:\/\/www.ateliertce.fr\/?page_id=355"},"modified":"2024-10-22T18:11:09","modified_gmt":"2024-10-22T16:11:09","slug":"avis-clients","status":"publish","type":"page","link":"https:\/\/www.ateliertce.fr\/index.php\/avis-clients\/","title":{"rendered":"AVIS CLIENTS"},"content":{"rendered":"\t\t<div data-elementor-type=\"wp-page\" data-elementor-id=\"355\" class=\"elementor elementor-355\">\n\t\t\t\t<div class=\"elementor-element elementor-element-2e564ac e-flex e-con-boxed wpr-particle-no wpr-jarallax-no wpr-parallax-no wpr-sticky-section-no e-con e-parent\" data-id=\"2e564ac\" data-element_type=\"container\">\n\t\t\t\t\t<div class=\"e-con-inner\">\n\t\t<div class=\"elementor-element elementor-element-e0bad59 e-con-full e-flex wpr-particle-no wpr-jarallax-no wpr-parallax-no wpr-sticky-section-no e-con e-child\" data-id=\"e0bad59\" data-element_type=\"container\">\n\t\t\t\t<div class=\"elementor-element elementor-element-4cf52be elementor-widget__width-initial elementor-widget elementor-widget-testimonial\" data-id=\"4cf52be\" data-element_type=\"widget\" data-widget_type=\"testimonial.default\">\n\t\t\t\t<div class=\"elementor-widget-container\">\n\t\t\t<style>\/*! elementor - v3.23.0 - 05-08-2024 *\/\n.elementor-testimonial-wrapper{overflow:hidden;text-align:center}.elementor-testimonial-wrapper .elementor-testimonial-content{font-size:1.3em;margin-bottom:20px}.elementor-testimonial-wrapper .elementor-testimonial-name{line-height:1.5;display:block}.elementor-testimonial-wrapper .elementor-testimonial-job{font-size:.85em;display:block}.elementor-testimonial-wrapper .elementor-testimonial-meta{width:100%;line-height:1}.elementor-testimonial-wrapper .elementor-testimonial-meta-inner{display:inline-block}.elementor-testimonial-wrapper .elementor-testimonial-meta .elementor-testimonial-details,.elementor-testimonial-wrapper .elementor-testimonial-meta .elementor-testimonial-image{display:table-cell;vertical-align:middle}.elementor-testimonial-wrapper .elementor-testimonial-meta .elementor-testimonial-image img{width:60px;height:60px;border-radius:50%;-o-object-fit:cover;object-fit:cover;max-width:none}.elementor-testimonial-wrapper .elementor-testimonial-meta.elementor-testimonial-image-position-aside .elementor-testimonial-image{padding-inline-end:15px}.elementor-testimonial-wrapper .elementor-testimonial-meta.elementor-testimonial-image-position-aside .elementor-testimonial-details{text-align:start}.elementor-testimonial-wrapper .elementor-testimonial-meta.elementor-testimonial-image-position-top .elementor-testimonial-details,.elementor-testimonial-wrapper .elementor-testimonial-meta.elementor-testimonial-image-position-top .elementor-testimonial-image{display:block}.elementor-testimonial-wrapper .elementor-testimonial-meta.elementor-testimonial-image-position-top .elementor-testimonial-image{margin-bottom:20px}<\/style>\t\t<div class=\"elementor-testimonial-wrapper\">\n\t\t\t\t\t\t\t<div class=\"elementor-testimonial-content\">\n\n\nAtelier TCE \u00e0 r\u00e9nov\u00e9 mon appartement de \u00c0 \u00e0 Z, et j\u2019en suis pleinement satisfaite !\nLa soci\u00e9t\u00e9 a \u00e9galement g\u00e9r\u00e9 les dossiers d\u2019aides, c\u2019est un r\u00e9el gain de temps. L\u2019avantage aussi du tout corps d\u2019\u00e9tat, c\u2019est qu\u2019on ne multiplie pas les entreprises et c\u2019est tr\u00e8s pratique. Je recommande cette soci\u00e9t\u00e9 au personnel super sympa !<\/div>\n\t\t\t\n\t\t\t\t\t\t<div class=\"elementor-testimonial-meta elementor-has-image elementor-testimonial-image-position-aside\">\n\t\t\t\t<div class=\"elementor-testimonial-meta-inner\">\n\t\t\t\t\t\t\t\t\t\t\t<div class=\"elementor-testimonial-image\">\n\t\t\t\t\t\t\t<img fetchpriority=\"high\" decoding=\"async\" width=\"1366\" height=\"1822\" src=\"https:\/\/www.ateliertce.fr\/wp-content\/uploads\/2024\/10\/2024-09-16.jpg\" class=\"attachment-full size-full wp-image-762\" alt=\"\" srcset=\"https:\/\/www.ateliertce.fr\/wp-content\/uploads\/2024\/10\/2024-09-16.jpg 1366w, https:\/\/www.ateliertce.fr\/wp-content\/uploads\/2024\/10\/2024-09-16-225x300.jpg 225w, https:\/\/www.ateliertce.fr\/wp-content\/uploads\/2024\/10\/2024-09-16-768x1024.jpg 768w, https:\/\/www.ateliertce.fr\/wp-content\/uploads\/2024\/10\/2024-09-16-1152x1536.jpg 1152w, https:\/\/www.ateliertce.fr\/wp-content\/uploads\/2024\/10\/2024-09-16-1000x1334.jpg 1000w, https:\/\/www.ateliertce.fr\/wp-content\/uploads\/2024\/10\/2024-09-16-230x307.jpg 230w, https:\/\/www.ateliertce.fr\/wp-content\/uploads\/2024\/10\/2024-09-16-350x467.jpg 350w, https:\/\/www.ateliertce.fr\/wp-content\/uploads\/2024\/10\/2024-09-16-480x640.jpg 480w\" sizes=\"(max-width: 1366px) 100vw, 1366px\" \/>\t\t\t\t\t\t<\/div>\n\t\t\t\t\t\n\t\t\t\t\t\t\t\t\t\t<div class=\"elementor-testimonial-details\">\n\t\t\t\t\t\t\t\t\t\t\t\t\t\t<div class=\"elementor-testimonial-name\">Eglantine B.<\/div>\n\t\t\t\t\t\t\t\t\t\t\t\t\t\t\t\t\t\t\t\t\t\t<div class=\"elementor-testimonial-job\">R\u00e9novation globale<\/div>\n\t\t\t\t\t\t\t\t\t\t\t\t\t<\/div>\n\t\t\t\t\t\t\t\t\t<\/div>\n\t\t\t<\/div>\n\t\t\t\t\t<\/div>\n\t\t\t\t<\/div>\n\t\t\t\t<\/div>\n\t\t\t\t<\/div>\n\t\t\t\t\t<\/div>\n\t\t\t\t<\/div>\n\t\t<div class=\"elementor-element elementor-element-3169f2a e-flex e-con-boxed wpr-particle-no wpr-jarallax-no wpr-parallax-no wpr-sticky-section-no e-con e-parent\" data-id=\"3169f2a\" data-element_type=\"container\">\n\t\t\t\t\t<div class=\"e-con-inner\">\n\t\t\t\t<div class=\"elementor-element elementor-element-7c915f9 elementor-widget__width-initial elementor-widget elementor-widget-testimonial\" data-id=\"7c915f9\" data-element_type=\"widget\" data-widget_type=\"testimonial.default\">\n\t\t\t\t<div class=\"elementor-widget-container\">\n\t\t\t\t\t<div class=\"elementor-testimonial-wrapper\">\n\t\t\t\t\t\t\t<div class=\"elementor-testimonial-content\">Super entreprise, \u00e0 l'\u00e9coute de nos attentes, nos travaux ce sont super bien d\u00e9roul\u00e9. Je recommande l'atelier TCE, nous sommes vraiment heureux de la qualit\u00e9 de notre r\u00e9novation. Merci pour tout, nous vous recontacterons pour d'autres travaux sans la moindre h\u00e9sitation.<\/div>\n\t\t\t\n\t\t\t\t\t\t<div class=\"elementor-testimonial-meta elementor-has-image elementor-testimonial-image-position-aside\">\n\t\t\t\t<div class=\"elementor-testimonial-meta-inner\">\n\t\t\t\t\t\t\t\t\t\t\t<div class=\"elementor-testimonial-image\">\n\t\t\t\t\t\t\t<img decoding=\"async\" width=\"500\" height=\"500\" src=\"https:\/\/www.ateliertce.fr\/wp-content\/uploads\/2024\/09\/salon-poele-a-granules.webp\" class=\"attachment-full size-full wp-image-699\" alt=\"\" srcset=\"https:\/\/www.ateliertce.fr\/wp-content\/uploads\/2024\/09\/salon-poele-a-granules.webp 500w, https:\/\/www.ateliertce.fr\/wp-content\/uploads\/2024\/09\/salon-poele-a-granules-300x300.webp 300w, https:\/\/www.ateliertce.fr\/wp-content\/uploads\/2024\/09\/salon-poele-a-granules-150x150.webp 150w, https:\/\/www.ateliertce.fr\/wp-content\/uploads\/2024\/09\/salon-poele-a-granules-230x230.webp 230w, https:\/\/www.ateliertce.fr\/wp-content\/uploads\/2024\/09\/salon-poele-a-granules-350x350.webp 350w, https:\/\/www.ateliertce.fr\/wp-content\/uploads\/2024\/09\/salon-poele-a-granules-480x480.webp 480w\" sizes=\"(max-width: 500px) 100vw, 500px\" \/>\t\t\t\t\t\t<\/div>\n\t\t\t\t\t\n\t\t\t\t\t\t\t\t\t\t<div class=\"elementor-testimonial-details\">\n\t\t\t\t\t\t\t\t\t\t\t\t\t\t<div class=\"elementor-testimonial-name\">Maxence G.<\/div>\n\t\t\t\t\t\t\t\t\t\t\t\t\t\t\t\t\t\t\t\t\t\t<div class=\"elementor-testimonial-job\">R\u00e9novation globale<\/div>\n\t\t\t\t\t\t\t\t\t\t\t\t\t<\/div>\n\t\t\t\t\t\t\t\t\t<\/div>\n\t\t\t<\/div>\n\t\t\t\t\t<\/div>\n\t\t\t\t<\/div>\n\t\t\t\t<\/div>\n\t\t\t\t\t<\/div>\n\t\t\t\t<\/div>\n\t\t<div class=\"elementor-element elementor-element-9f225a3 e-con-full e-flex wpr-particle-no wpr-jarallax-no wpr-parallax-no wpr-sticky-section-no e-con e-parent\" data-id=\"9f225a3\" data-element_type=\"container\">\n\t\t<div class=\"elementor-element elementor-element-680dc9f e-con-full e-flex wpr-particle-no wpr-jarallax-no wpr-parallax-no wpr-sticky-section-no e-con e-child\" data-id=\"680dc9f\" data-element_type=\"container\">\n\t\t\t\t<div class=\"elementor-element elementor-element-46f6022 elementor-widget__width-initial elementor-widget elementor-widget-testimonial\" data-id=\"46f6022\" data-element_type=\"widget\" data-widget_type=\"testimonial.default\">\n\t\t\t\t<div class=\"elementor-widget-container\">\n\t\t\t\t\t<div class=\"elementor-testimonial-wrapper\">\n\t\t\t\t\t\t\t<div class=\"elementor-testimonial-content\">Je recommande vivement Atelier TCE pour leurs comp\u00e9tences et leur s\u00e9rieux. J\u2019ai fait appel \u00e0 eux pour la r\u00e9novation compl\u00e8te de mon appartement dans le but de cr\u00e9er une colocation de 4 chambres. Le travail a \u00e9t\u00e9 r\u00e9alis\u00e9 avec un grand professionnalisme et une attention particuli\u00e8re aux d\u00e9tails. Toute l\u2019\u00e9quipe a su respecter les d\u00e9lais et les contraintes techniques tout en apportant des solutions adapt\u00e9es \u00e0 chaque \u00e9tape. Le r\u00e9sultat est \u00e0 la hauteur de mes attentes.<\/div>\n\t\t\t\n\t\t\t\t\t\t<div class=\"elementor-testimonial-meta elementor-has-image elementor-testimonial-image-position-aside\">\n\t\t\t\t<div class=\"elementor-testimonial-meta-inner\">\n\t\t\t\t\t\t\t\t\t\t\t<div class=\"elementor-testimonial-image\">\n\t\t\t\t\t\t\t<img decoding=\"async\" width=\"1536\" height=\"2048\" src=\"https:\/\/www.ateliertce.fr\/wp-content\/uploads\/2024\/08\/IMG_0005.jpg\" class=\"attachment-full size-full wp-image-342\" alt=\"\" srcset=\"https:\/\/www.ateliertce.fr\/wp-content\/uploads\/2024\/08\/IMG_0005.jpg 1536w, https:\/\/www.ateliertce.fr\/wp-content\/uploads\/2024\/08\/IMG_0005-225x300.jpg 225w, https:\/\/www.ateliertce.fr\/wp-content\/uploads\/2024\/08\/IMG_0005-768x1024.jpg 768w, https:\/\/www.ateliertce.fr\/wp-content\/uploads\/2024\/08\/IMG_0005-1152x1536.jpg 1152w, https:\/\/www.ateliertce.fr\/wp-content\/uploads\/2024\/08\/IMG_0005-1000x1333.jpg 1000w, https:\/\/www.ateliertce.fr\/wp-content\/uploads\/2024\/08\/IMG_0005-230x307.jpg 230w, https:\/\/www.ateliertce.fr\/wp-content\/uploads\/2024\/08\/IMG_0005-350x467.jpg 350w, https:\/\/www.ateliertce.fr\/wp-content\/uploads\/2024\/08\/IMG_0005-480x640.jpg 480w\" sizes=\"(max-width: 1536px) 100vw, 1536px\" \/>\t\t\t\t\t\t<\/div>\n\t\t\t\t\t\n\t\t\t\t\t\t\t\t\t\t<div class=\"elementor-testimonial-details\">\n\t\t\t\t\t\t\t\t\t\t\t\t\t\t<div class=\"elementor-testimonial-name\">Morane M.<\/div>\n\t\t\t\t\t\t\t\t\t\t\t\t\t\t\t\t\t\t\t\t\t\t<div class=\"elementor-testimonial-job\">R\u00e9novation globale<\/div>\n\t\t\t\t\t\t\t\t\t\t\t\t\t<\/div>\n\t\t\t\t\t\t\t\t\t<\/div>\n\t\t\t<\/div>\n\t\t\t\t\t<\/div>\n\t\t\t\t<\/div>\n\t\t\t\t<\/div>\n\t\t\t\t<\/div>\n\t\t\t\t<\/div>\n\t\t<div class=\"elementor-element elementor-element-5db2ab8 e-flex e-con-boxed wpr-particle-no wpr-jarallax-no wpr-parallax-no wpr-sticky-section-no e-con e-parent\" data-id=\"5db2ab8\" data-element_type=\"container\">\n\t\t\t\t\t<div class=\"e-con-inner\">\n\t\t\t\t<div class=\"elementor-element elementor-element-e860dc3 animated-slow elementor-widget__width-initial elementor-invisible elementor-widget elementor-widget-testimonial\" data-id=\"e860dc3\" data-element_type=\"widget\" data-settings=\"{&quot;_animation&quot;:&quot;slideInDown&quot;,&quot;_animation_delay&quot;:50}\" data-widget_type=\"testimonial.default\">\n\t\t\t\t<div class=\"elementor-widget-container\">\n\t\t\t\t\t<div class=\"elementor-testimonial-wrapper\">\n\t\t\t\t\t\t\t<div class=\"elementor-testimonial-content\">\"Nous avons eu affaire \u00e0 une \u00e9quipe tr\u00e8s professionnelle.\nNous ferons de nouveau appel \u00e0 cette entreprise pour nos futurs travaux \ud83d\udc4d\"<\/div>\n\t\t\t\n\t\t\t\t\t\t<div class=\"elementor-testimonial-meta elementor-has-image elementor-testimonial-image-position-aside\">\n\t\t\t\t<div class=\"elementor-testimonial-meta-inner\">\n\t\t\t\t\t\t\t\t\t\t\t<div class=\"elementor-testimonial-image\">\n\t\t\t\t\t\t\t<img loading=\"lazy\" decoding=\"async\" width=\"1920\" height=\"2560\" src=\"https:\/\/www.ateliertce.fr\/wp-content\/uploads\/2024\/08\/IMG_6326-scaled.jpg\" class=\"attachment-full size-full wp-image-338\" alt=\"\" srcset=\"https:\/\/www.ateliertce.fr\/wp-content\/uploads\/2024\/08\/IMG_6326-scaled.jpg 1920w, https:\/\/www.ateliertce.fr\/wp-content\/uploads\/2024\/08\/IMG_6326-225x300.jpg 225w, https:\/\/www.ateliertce.fr\/wp-content\/uploads\/2024\/08\/IMG_6326-768x1024.jpg 768w, https:\/\/www.ateliertce.fr\/wp-content\/uploads\/2024\/08\/IMG_6326-1152x1536.jpg 1152w, https:\/\/www.ateliertce.fr\/wp-content\/uploads\/2024\/08\/IMG_6326-1536x2048.jpg 1536w, https:\/\/www.ateliertce.fr\/wp-content\/uploads\/2024\/08\/IMG_6326-1000x1333.jpg 1000w, https:\/\/www.ateliertce.fr\/wp-content\/uploads\/2024\/08\/IMG_6326-230x307.jpg 230w, https:\/\/www.ateliertce.fr\/wp-content\/uploads\/2024\/08\/IMG_6326-350x467.jpg 350w, https:\/\/www.ateliertce.fr\/wp-content\/uploads\/2024\/08\/IMG_6326-480x640.jpg 480w\" sizes=\"(max-width: 1920px) 100vw, 1920px\" \/>\t\t\t\t\t\t<\/div>\n\t\t\t\t\t\n\t\t\t\t\t\t\t\t\t\t<div class=\"elementor-testimonial-details\">\n\t\t\t\t\t\t\t\t\t\t\t\t\t\t<div class=\"elementor-testimonial-name\">Val\u00e9rie P.<\/div>\n\t\t\t\t\t\t\t\t\t\t\t\t\t\t\t\t\t\t\t\t\t\t<div class=\"elementor-testimonial-job\">Travaux de peinture<\/div>\n\t\t\t\t\t\t\t\t\t\t\t\t\t<\/div>\n\t\t\t\t\t\t\t\t\t<\/div>\n\t\t\t<\/div>\n\t\t\t\t\t<\/div>\n\t\t\t\t<\/div>\n\t\t\t\t<\/div>\n\t\t\t\t\t<\/div>\n\t\t\t\t<\/div>\n\t\t\t\t<\/div>\n\t\t","protected":false},"excerpt":{"rendered":"<p>Atelier TCE \u00e0 r\u00e9nov\u00e9 mon appartement de \u00c0 \u00e0 Z, et j\u2019en suis pleinement satisfaite ! La soci\u00e9t\u00e9 a \u00e9galement g\u00e9r\u00e9 les<\/p>\n","protected":false},"author":2,"featured_media":0,"parent":0,"menu_order":0,"comment_status":"closed","ping_status":"closed","template":"","meta":{"footnotes":""},"class_list":["post-355","page","type-page","status-publish","hentry"],"_links":{"self":[{"href":"https:\/\/www.ateliertce.fr\/index.php\/wp-json\/wp\/v2\/pages\/355"}],"collection":[{"href":"https:\/\/www.ateliertce.fr\/index.php\/wp-json\/wp\/v2\/pages"}],"about":[{"href":"https:\/\/www.ateliertce.fr\/index.php\/wp-json\/wp\/v2\/types\/page"}],"author":[{"embeddable":true,"href":"https:\/\/www.ateliertce.fr\/index.php\/wp-json\/wp\/v2\/users\/2"}],"replies":[{"embeddable":true,"href":"https:\/\/www.ateliertce.fr\/index.php\/wp-json\/wp\/v2\/comments?post=355"}],"version-history":[{"count":19,"href":"https:\/\/www.ateliertce.fr\/index.php\/wp-json\/wp\/v2\/pages\/355\/revisions"}],"predecessor-version":[{"id":771,"href":"https:\/\/www.ateliertce.fr\/index.php\/wp-json\/wp\/v2\/pages\/355\/revisions\/771"}],"wp:attachment":[{"href":"https:\/\/www.ateliertce.fr\/index.php\/wp-json\/wp\/v2\/media?parent=355"}],"curies":[{"name":"wp","href":"https:\/\/api.w.org\/{rel}","templated":true}]}}